{"id":5301,"date":"2026-04-13T13:07:56","date_gmt":"2026-04-13T13:07:56","guid":{"rendered":"https:\/\/traceyeaton.com\/?page_id=5301"},"modified":"2026-04-13T13:07:56","modified_gmt":"2026-04-13T13:07:56","slug":"links-enlaces","status":"publish","type":"page","link":"https:\/\/traceyeaton.com\/index.php\/links-enlaces\/","title":{"rendered":"Links &#8211; Enlaces"},"content":{"rendered":"<p><a href=\"https:\/\/www.wikiloc.com\/trails\/hiking\/panama\/chiriqui\/rio-chiriqui-viejo\">Best Hiking Trails on R\u00edo Chiriqu\u00ed Viejo River<\/a><br \/>\nApril 12, 2026 &#8211; 12 de abril de 2026<\/p>\n<p><a href=\"https:\/\/traceyeaton.com\/index.php\/2026\/04\/04\/dredge-baby-dredge\/\">Dredge, Baby, Dredge<\/a><br \/>\nApril 4, 2026 &#8211; 4 de abril de 2026<\/p>\n<p><a href=\"https:\/\/www.mdpi.com\/2073-4441\/16\/12\/1662\">Fluvial Dynamics and Hydrological Variability in the Chiriqu\u00ed Viejo River Basin, Panama: An Assessment of Hydro-Social Sustainability through Advanced Hydrometric Indexes<\/a><br \/>\nJune 11, 2024 &#8211; 11 de junio de 2024<\/p>\n<p><a href=\"https:\/\/ieeexplore.ieee.org\/document\/10040857\">Presence of Pesticides in the Chiriqu\u00cd Viejo River, in Agricultural Areas of Cerro Punta, Chiriqu\u00cd, Panama<\/a><br \/>\nAugust 2020 &#8211; agosto de 2020<\/p>\n<p><a href=\"https:\/\/revistas.up.ac.pa\/index.php\/catedra\/article\/view\/1330\/1580\">IMPACT OF WATER EXTRACTION ON THE MAIN SOCIAL CHARACTERISTICS OF THE CHIRIQU\u00cd VIEJO RIVER BASIN<\/a><br \/>\nOctober 2022 &#8211; octubre de 2022<\/p>\n<p><a href=\"https:\/\/www.adaptation-fund.org\/project\/adapting-climate-change-integrated-water-management-panama\/\">Adapting to climate change through integrated water management in Panama<\/a><br \/>\nJanuary 11, 2017 &#8211; 11 de enero de 2017<\/p>\n<p><a href=\"https:\/\/www.wrm.org.uy\/bulletin-articles\/panama-the-community-of-caisan-for-free-rivers-and-community-based-energy\">Panama: The community of Cais\u00e1n: for &#8216;free rivers&#8217; and community-based energy<\/a><br \/>\nJune 24, 2025 &#8211; 24 de junio de 2025<\/p>\n<p><a href=\"https:\/\/up-rid.up.ac.pa\/7496\/1\/michael_ibarra.pdf\">EVALUACI\u00d3N DE LAS FUENTES H\u00cdDRICAS DEL PROYECTO DE RIEGO ALTO BAMBITO, QUEBRADA VALLEJOS Y QUEBRADA LAS NUBES, TIERRAS ALTAS, PROVINCIA DE CHIRIQU\u00cd<\/a><br \/>\nMarch 2024 &#8211; marzo de 2024<\/p>\n<p><a href=\"https:\/\/cuencas.miambiente.gob.pa\/wp-content\/uploads\/2020\/08\/Plan-de-Manejo-de-la-Cuenca-del-r%C3%ADo-Chiriqu%C3%AD-Viejo.pdf\">PLAN DE MANEJO CUENCA DEL R\u00cdO CHIRIQU\u00cd VIEJO<\/a><br \/>\nMay 2014 &#8211; mayo de 2014<\/p>\n","protected":false},"excerpt":{"rendered":"<p>Best Hiking Trails on R\u00edo Chiriqu\u00ed Viejo River April 12, 2026 &#8211; 12 de abril de 2026 Dredge, Baby, Dredge April 4, 2026 &#8211; 4 de abril de 2026 Fluvial Dynamics and Hydrological Variability in the Chiriqu\u00ed Viejo River Basin, Panama: An Assessment of Hydro-Social Sustainability through Advanced Hydrometric Indexes June 11, 2024 &#8211; 11 &#8230; <a title=\"Links &#8211; Enlaces\" class=\"read-more\" href=\"https:\/\/traceyeaton.com\/index.php\/links-enlaces\/\" aria-label=\"Read more about Links &#8211; Enlaces\">Read more<\/a><\/p>\n","protected":false},"author":3,"featured_media":5302,"parent":0,"menu_order":0,"comment_status":"closed","ping_status":"closed","template":"","meta":{"generate_page_header":"","footnotes":""},"class_list":["post-5301","page","type-page","status-publish","has-post-thumbnail"],"_links":{"self":[{"href":"https:\/\/traceyeaton.com\/index.php\/wp-json\/wp\/v2\/pages\/5301","targetHints":{"allow":["GET"]}}],"collection":[{"href":"https:\/\/traceyeaton.com\/index.php\/wp-json\/wp\/v2\/pages"}],"about":[{"href":"https:\/\/traceyeaton.com\/index.php\/wp-json\/wp\/v2\/types\/page"}],"author":[{"embeddable":true,"href":"https:\/\/traceyeaton.com\/index.php\/wp-json\/wp\/v2\/users\/3"}],"replies":[{"embeddable":true,"href":"https:\/\/traceyeaton.com\/index.php\/wp-json\/wp\/v2\/comments?post=5301"}],"version-history":[{"count":1,"href":"https:\/\/traceyeaton.com\/index.php\/wp-json\/wp\/v2\/pages\/5301\/revisions"}],"predecessor-version":[{"id":5303,"href":"https:\/\/traceyeaton.com\/index.php\/wp-json\/wp\/v2\/pages\/5301\/revisions\/5303"}],"wp:featuredmedia":[{"embeddable":true,"href":"https:\/\/traceyeaton.com\/index.php\/wp-json\/wp\/v2\/media\/5302"}],"wp:attachment":[{"href":"https:\/\/traceyeaton.com\/index.php\/wp-json\/wp\/v2\/media?parent=5301"}],"curies":[{"name":"wp","href":"https:\/\/api.w.org\/{rel}","templated":true}]}}